{"id":473,"date":"2021-05-16T20:47:26","date_gmt":"2021-05-16T18:47:26","guid":{"rendered":"https:\/\/opti-value.com\/politika-privatnosti\/"},"modified":"2021-06-01T15:44:03","modified_gmt":"2021-06-01T13:44:03","slug":"politika-privatnosti","status":"publish","type":"page","link":"https:\/\/opti-value.com\/hr\/politika-privatnosti\/","title":{"rendered":"Politika privatnosti"},"content":{"rendered":"<h1><span style=\"font-weight: 400;\">PRAVILA PRIVATNOSTI<\/span><\/h1>\r\n<h2><span style=\"font-weight: 400;\">Prikupljanje i obrada osobnih podataka<\/span><\/h2>\r\n<p><span style=\"font-weight: 400;\">Prilikom pregledavanja internetske stranice <a href=\"http:\/\/www.opti-value.com\">www.opti-value.com<\/a> posjetitelj ostaje anoniman tj. ne prikupljaju se podaci koji bi omogu\u0107ili osobnu identifikaciju. Ukoliko za pru\u017eanje odre\u0111ene usluge (poput dostave naru\u010dene robe) trebamo neki osobni podatak, u tom trenutku upozorit \u0107emo korisnika, i zatra\u017eiti nu\u017ene podatke kao \u0161to su ime i prezime, OIB, naziv tvrtke ili organizacije, adresu, telefon, e-mail adresu, i druge podatke po potrebi. Upisom osobnih podataka na za to predvi\u0111ena polja na web stranici potvr\u0111ujete da ste svoje osobne podatke dobrovoljno stavili na raspolaganje te da dozvoljavate da se isti koriste u svrhu u koju su podaci dani.<\/span><span style=\"font-weight: 400;\">Za obradu podataka odgovorna je tvrtka Opti Value d.o.o., OIB: 85426697502. Ukoliko imate pitanja vezana uz obradu i kori\u0161tenje osobnih podataka slobodno nas kontaktirajte na <a href=\"mailto:info@opti-value.com\">info@opti-value.com<\/a>.<\/span><\/p>\r\n<h2><span style=\"font-weight: 400;\">Svrha, na\u010din obrade i \u010duvanje osobnih podataka<\/span><\/h2>\r\n<p><span style=\"font-weight: 400;\">Svi osobni podaci koriste se isklju\u010divo u svrhe radi koje su prikupljeni i za koje je dana suglasnost i\/ili privola. Prikupljeni podaci ne\u0107e se ni na koji na\u010din u\u010diniti dostupnim tre\u0107im osobama, osim u zakonom propisanu svrhu ili ako nije dana izri\u010dita suglasnost i\/ili privola. Postavljanjem upita prema tvrtci Opti Value d.o.o. dajete suglasnost da Vam odgovorimo istim kanalom komunikacije na koji ste postavili upit te da pohranimo Va\u0161 osobni podatak koje ste nam dali na period od najvi\u0161e 5 godina ili na period potreban za odgovaranja na Va\u0161 upit u potpunosti.<\/span><\/p>\r\n<h2><span style=\"font-weight: 400;\">Prava korisnika<\/span><\/h2>\r\n<p><span style=\"font-weight: 400;\">Korisnik u svako doba ima sljede\u0107a prava:<\/span><\/p>\r\n<ul>\r\n<li style=\"font-weight: 400;\" aria-level=\"1\"><span style=\"font-weight: 400;\">pravo na informaciju o obradi osobnih podataka, te pravo na povla\u010denje privole na obradu osobnih podataka, a \u010dime \u0107e prestati obrada osobnih podataka;<\/span><\/li>\r\n<li style=\"font-weight: 400;\" aria-level=\"1\"><span style=\"font-weight: 400;\">pravo na ispravak osobnih podataka ukoliko su nepotpuni ili neto\u010dni;<\/span><\/li>\r\n<li style=\"font-weight: 400;\" aria-level=\"1\"><span style=\"font-weight: 400;\">pravo na brisanje u slu\u010dajevima kao \u0161to su prestanak svrhe obrade, povla\u010denje privole.<\/span><\/li>\r\n<\/ul>\r\n<h2><span style=\"font-weight: 400;\">Upravljanje marketin\u0161kih privola za obradu osobnih podataka<\/span><\/h2>\r\n<p><span style=\"font-weight: 400;\">Prihva\u0107anjem privole za kori\u0161tenje osobnih podataka, putem newslettera, dajete dozvolu za kori\u0161tenje i pohranu osobnih podataka u svrhu marketin\u0161ke promid\u017ebe Opti Value na period od 5 godina ako ranije ne povu\u010dete privolu.<\/span> <span style=\"font-weight: 400;\">Prihva\u0107anjem privole na Opti Value newsletteru se pretpla\u0107ujete na Opti Value newsletter, \u010dime se dodajete na marketing listu i dajete privolu za kori\u0161tenje osobnih podataka ime, prezime, e-mail, spol, dobnu skupinu. Naknadno \u0107emo Vas zatra\u017eiti obnovu privole prije isteka perioda od 5 godina nakon prve privole. Privolu mo\u017eete bilo kada povu\u0107i jednako lako kako ste je dali bez da navodite razlog u svojem korisni\u010dkom profilu ili klikom na link u newsletter-u.<\/span><\/p>\r\n<h2><span style=\"font-weight: 400;\">Kori\u0161tenje kola\u010di\u0107a (cookies)<\/span><\/h2>\r\n<p><span style=\"font-weight: 400;\">Kako bi web stranica <a href=\"http:\/\/www.opti-value.com\">www.opti-value.com<\/a> radila ispravno i kako bi se mogla unaprije\u0111ivati s ciljem pobolj\u0161anja Va\u0161eg iskustva pregledavanja, potrebno je minimalnu koli\u010dinu informacija (cookies) spremiti na Va\u0161e ra\u010dunalo ili mobilni ure\u0111aj. Kori\u0161tenjem ove web stranice pristajete na uporabu kola\u010di\u0107a, \u010dijim blokiranjem i dalje mo\u017eete pregledavati stranicu, no neke njezine mogu\u0107nosti ne\u0107e biti funkcionalne. \u017delite li izbje\u0107i kori\u0161tenje kola\u010di\u0107a potrebno je podesiti postavke ra\u010dunala da bri\u0161e kola\u010di\u0107e s internetskih stranica i\/ili vas obavijesti o pohranjivanju kola\u010di\u0107a na va\u0161em ra\u010dunalu.<\/span><\/p>\r\n<h2><span style=\"font-weight: 400;\">Kakve kola\u010di\u0107e koristimo<\/span><\/h2>\r\n<p><b>Privremeni kola\u010di\u0107i (Session cookies)<\/b><span style=\"font-weight: 400;\"> &#8211; to su privremeni kola\u010di\u0107i koji isti\u010du (i automatski se bri\u0161u) kada zatvorite internet preglednik. Koristimo ove kola\u010di\u0107e da omogu\u0107imo pristup sadr\u017eaju i omogu\u0107imo komentiranje (stvari koje morate u\u010diniti kada se prijavite sa svojim podacima na web stranicu).<\/span> <b>Trajni kola\u010di\u0107i (Persistent cookies)<\/b><span style=\"font-weight: 400;\"> &#8211; ti obi\u010dno imaju datum isteka daleko u budu\u0107nost i tako \u0107e ostati u va\u0161em pregledniku, dok ne isteknu, ili dok ih ru\u010dno ne izbri\u0161ete. Koristimo trajne kola\u010di\u0107e kako bi bolje razumjeli navike korisnika, tako da mo\u017eemo pobolj\u0161ati web stranicu prema va\u0161im navikama. Ova informacija je anonimna \u2013 ne vidimo individualne podatke korisnika.<\/span><\/p>\r\n<h2><span style=\"font-weight: 400;\">Da li na web stranici ima kola\u010di\u0107a tre\u0107e strane?<\/span><\/h2>\r\n<p><span style=\"font-weight: 400;\">Ima nekoliko vanjskih servisa koji korisniku spremaju limitirane kola\u010di\u0107e. Ovi kola\u010di\u0107i nisu postavljeni od strane ove web stranice, ali neki slu\u017ee za normalno funkcioniranje odre\u0111enih mogu\u0107nosti koje korisnicima olak\u0161avaju pristup sadr\u017eaju. Trenutno omogu\u0107ujemo:<\/span><\/p>\r\n<h3><span style=\"font-weight: 400;\">Mjerenje posje\u0107enosti<\/span><\/h3>\r\n<p><span style=\"font-weight: 400;\">Opti Value d.o.o. koristi Google Analytics za mjerenje posje\u0107enosti. Ako \u017eelite onemogu\u0107iti da vam navedeni servis sprema kola\u010di\u0107e, mo\u017eete ga zabraniti na sljede\u0107em linku: <\/span><a href=\"https:\/\/tools.google.com\/dlpage\/gaoptout\"><span style=\"font-weight: 400;\">https:\/\/tools.google.com\/dlpage\/gaoptout<\/span><\/a>\u00a0<\/p>\r\n<h2><span style=\"font-weight: 400;\">Dodatne informacija oko isklju\u010divanja kola\u010di\u0107a<\/span><\/h2>\r\n<p><span style=\"font-weight: 400;\">Vi\u0161e informacija o kola\u010di\u0107ima na sljede\u0107im linkovima: <a href=\"http:\/\/www.allaboutcookies.org\/\" target=\"_blank\" rel=\"noopener\">http:\/\/www.allaboutcookies.org\/<\/a> and\u00a0 <a href=\"http:\/\/www.youronlinechoices.eu\" target=\"_blank\" rel=\"noopener\">http: \/\/www.youronlinechoices.eu<\/a>.<\/span><\/p>\r\n<!-- \/wp:post-content -->","protected":false},"excerpt":{"rendered":"<p>PRAVILA PRIVATNOSTI Prikupljanje i obrada osobnih podataka Prilikom pregledavanja internetske stranice www.opti-value.com posjetitelj ostaje anoniman tj. ne prikupljaju se podaci koji bi omogu\u0107ili osobnu identifikaciju. Ukoliko za pru\u017eanje odre\u0111ene usluge (poput dostave naru\u010dene robe) trebamo neki osobni podatak, u tom trenutku upozorit \u0107emo korisnika, i zatra\u017eiti nu\u017ene podatke kao \u0161to su ime i prezime, OIB, [&hellip;]<\/p>\n","protected":false},"author":2,"featured_media":0,"parent":0,"menu_order":0,"comment_status":"closed","ping_status":"closed","template":"","meta":{"_et_pb_use_builder":"on","_et_pb_old_content":"","_et_gb_content_width":"","footnotes":""},"class_list":["post-473","page","type-page","status-publish","hentry"],"yoast_head":"<!-- This site is optimized with the Yoast SEO plugin v20.1 - https:\/\/yoast.com\/wordpress\/plugins\/seo\/ -->\n<title>Politika privatnosti - OptiValue<\/title>\n<meta name=\"description\" content=\"Saznajte sve \u0161to vas zanima o \u010duvanju va\u0161ih podataka i kako ih mo\u017eete dobiti.\" \/>\n<meta name=\"robots\" content=\"index, follow, max-snippet:-1, max-image-preview:large, max-video-preview:-1\" \/>\n<link rel=\"canonical\" href=\"https:\/\/opti-value.com\/hr\/politika-privatnosti\/\" \/>\n<meta property=\"og:locale\" content=\"hr_HR\" \/>\n<meta property=\"og:type\" content=\"article\" \/>\n<meta property=\"og:title\" content=\"Politika privatnosti - OptiValue\" \/>\n<meta property=\"og:description\" content=\"Saznajte sve \u0161to vas zanima o \u010duvanju va\u0161ih podataka i kako ih mo\u017eete dobiti.\" \/>\n<meta property=\"og:url\" content=\"https:\/\/opti-value.com\/hr\/politika-privatnosti\/\" \/>\n<meta property=\"og:site_name\" content=\"OptiValue\" \/>\n<meta property=\"article:modified_time\" content=\"2021-06-01T13:44:03+00:00\" \/>\n<meta name=\"twitter:card\" content=\"summary_large_image\" \/>\n<meta name=\"twitter:label1\" content=\"Procijenjeno vrijeme \u010ditanja\" \/>\n\t<meta name=\"twitter:data1\" content=\"4 minute\" \/>\n<script type=\"application\/ld+json\" class=\"yoast-schema-graph\">{\"@context\":\"https:\/\/schema.org\",\"@graph\":[{\"@type\":\"WebPage\",\"@id\":\"https:\/\/opti-value.com\/hr\/politika-privatnosti\/\",\"url\":\"https:\/\/opti-value.com\/hr\/politika-privatnosti\/\",\"name\":\"Politika privatnosti - OptiValue\",\"isPartOf\":{\"@id\":\"https:\/\/opti-value.com\/#website\"},\"datePublished\":\"2021-05-16T18:47:26+00:00\",\"dateModified\":\"2021-06-01T13:44:03+00:00\",\"description\":\"Saznajte sve \u0161to vas zanima o \u010duvanju va\u0161ih podataka i kako ih mo\u017eete dobiti.\",\"breadcrumb\":{\"@id\":\"https:\/\/opti-value.com\/hr\/politika-privatnosti\/#breadcrumb\"},\"inLanguage\":\"hr\",\"potentialAction\":[{\"@type\":\"ReadAction\",\"target\":[\"https:\/\/opti-value.com\/hr\/politika-privatnosti\/\"]}]},{\"@type\":\"BreadcrumbList\",\"@id\":\"https:\/\/opti-value.com\/hr\/politika-privatnosti\/#breadcrumb\",\"itemListElement\":[{\"@type\":\"ListItem\",\"position\":1,\"name\":\"Home\",\"item\":\"https:\/\/opti-value.com\/hr\/\"},{\"@type\":\"ListItem\",\"position\":2,\"name\":\"Politika privatnosti\"}]},{\"@type\":\"WebSite\",\"@id\":\"https:\/\/opti-value.com\/#website\",\"url\":\"https:\/\/opti-value.com\/\",\"name\":\"OptiValue\",\"description\":\"\",\"publisher\":{\"@id\":\"https:\/\/opti-value.com\/#organization\"},\"potentialAction\":[{\"@type\":\"SearchAction\",\"target\":{\"@type\":\"EntryPoint\",\"urlTemplate\":\"https:\/\/opti-value.com\/?s={search_term_string}\"},\"query-input\":\"required name=search_term_string\"}],\"inLanguage\":\"hr\"},{\"@type\":\"Organization\",\"@id\":\"https:\/\/opti-value.com\/#organization\",\"name\":\"Opti Value\",\"url\":\"https:\/\/opti-value.com\/\",\"logo\":{\"@type\":\"ImageObject\",\"inLanguage\":\"hr\",\"@id\":\"https:\/\/opti-value.com\/#\/schema\/logo\/image\/\",\"url\":\"https:\/\/opti-value.com\/wp-content\/uploads\/2021\/02\/OPTIvalue-logo-horizontalni.png\",\"contentUrl\":\"https:\/\/opti-value.com\/wp-content\/uploads\/2021\/02\/OPTIvalue-logo-horizontalni.png\",\"width\":723,\"height\":234,\"caption\":\"Opti Value\"},\"image\":{\"@id\":\"https:\/\/opti-value.com\/#\/schema\/logo\/image\/\"}}]}<\/script>\n<!-- \/ Yoast SEO plugin. -->","yoast_head_json":{"title":"Politika privatnosti - OptiValue","description":"Saznajte sve \u0161to vas zanima o \u010duvanju va\u0161ih podataka i kako ih mo\u017eete dobiti.","robots":{"index":"index","follow":"follow","max-snippet":"max-snippet:-1","max-image-preview":"max-image-preview:large","max-video-preview":"max-video-preview:-1"},"canonical":"https:\/\/opti-value.com\/hr\/politika-privatnosti\/","og_locale":"hr_HR","og_type":"article","og_title":"Politika privatnosti - OptiValue","og_description":"Saznajte sve \u0161to vas zanima o \u010duvanju va\u0161ih podataka i kako ih mo\u017eete dobiti.","og_url":"https:\/\/opti-value.com\/hr\/politika-privatnosti\/","og_site_name":"OptiValue","article_modified_time":"2021-06-01T13:44:03+00:00","twitter_card":"summary_large_image","twitter_misc":{"Procijenjeno vrijeme \u010ditanja":"4 minute"},"schema":{"@context":"https:\/\/schema.org","@graph":[{"@type":"WebPage","@id":"https:\/\/opti-value.com\/hr\/politika-privatnosti\/","url":"https:\/\/opti-value.com\/hr\/politika-privatnosti\/","name":"Politika privatnosti - OptiValue","isPartOf":{"@id":"https:\/\/opti-value.com\/#website"},"datePublished":"2021-05-16T18:47:26+00:00","dateModified":"2021-06-01T13:44:03+00:00","description":"Saznajte sve \u0161to vas zanima o \u010duvanju va\u0161ih podataka i kako ih mo\u017eete dobiti.","breadcrumb":{"@id":"https:\/\/opti-value.com\/hr\/politika-privatnosti\/#breadcrumb"},"inLanguage":"hr","potentialAction":[{"@type":"ReadAction","target":["https:\/\/opti-value.com\/hr\/politika-privatnosti\/"]}]},{"@type":"BreadcrumbList","@id":"https:\/\/opti-value.com\/hr\/politika-privatnosti\/#breadcrumb","itemListElement":[{"@type":"ListItem","position":1,"name":"Home","item":"https:\/\/opti-value.com\/hr\/"},{"@type":"ListItem","position":2,"name":"Politika privatnosti"}]},{"@type":"WebSite","@id":"https:\/\/opti-value.com\/#website","url":"https:\/\/opti-value.com\/","name":"OptiValue","description":"","publisher":{"@id":"https:\/\/opti-value.com\/#organization"},"potentialAction":[{"@type":"SearchAction","target":{"@type":"EntryPoint","urlTemplate":"https:\/\/opti-value.com\/?s={search_term_string}"},"query-input":"required name=search_term_string"}],"inLanguage":"hr"},{"@type":"Organization","@id":"https:\/\/opti-value.com\/#organization","name":"Opti Value","url":"https:\/\/opti-value.com\/","logo":{"@type":"ImageObject","inLanguage":"hr","@id":"https:\/\/opti-value.com\/#\/schema\/logo\/image\/","url":"https:\/\/opti-value.com\/wp-content\/uploads\/2021\/02\/OPTIvalue-logo-horizontalni.png","contentUrl":"https:\/\/opti-value.com\/wp-content\/uploads\/2021\/02\/OPTIvalue-logo-horizontalni.png","width":723,"height":234,"caption":"Opti Value"},"image":{"@id":"https:\/\/opti-value.com\/#\/schema\/logo\/image\/"}}]}},"_links":{"self":[{"href":"https:\/\/opti-value.com\/hr\/wp-json\/wp\/v2\/pages\/473","targetHints":{"allow":["GET"]}}],"collection":[{"href":"https:\/\/opti-value.com\/hr\/wp-json\/wp\/v2\/pages"}],"about":[{"href":"https:\/\/opti-value.com\/hr\/wp-json\/wp\/v2\/types\/page"}],"author":[{"embeddable":true,"href":"https:\/\/opti-value.com\/hr\/wp-json\/wp\/v2\/users\/2"}],"replies":[{"embeddable":true,"href":"https:\/\/opti-value.com\/hr\/wp-json\/wp\/v2\/comments?post=473"}],"version-history":[{"count":3,"href":"https:\/\/opti-value.com\/hr\/wp-json\/wp\/v2\/pages\/473\/revisions"}],"predecessor-version":[{"id":761,"href":"https:\/\/opti-value.com\/hr\/wp-json\/wp\/v2\/pages\/473\/revisions\/761"}],"wp:attachment":[{"href":"https:\/\/opti-value.com\/hr\/wp-json\/wp\/v2\/media?parent=473"}],"curies":[{"name":"wp","href":"https:\/\/api.w.org\/{rel}","templated":true}]}}