{"id":477,"date":"2021-05-16T21:04:34","date_gmt":"2021-05-16T19:04:34","guid":{"rendered":"https:\/\/opti-value.com\/distribucijski-kanali\/"},"modified":"2021-09-07T16:28:12","modified_gmt":"2021-09-07T14:28:12","slug":"distribucijski-kanali","status":"publish","type":"page","link":"https:\/\/opti-value.com\/hr\/distribucijski-kanali\/","title":{"rendered":"Distribucijski kanali"},"content":{"rendered":"<p>[et_pb_section fb_built=&#8221;1&#8243; custom_padding_last_edited=&#8221;on|phone&#8221; _builder_version=&#8221;4.9.4&#8243; _module_preset=&#8221;default&#8221; background_color=&#8221;rgba(0,0,0,0.4)&#8221; background_image=&#8221;https:\/\/opti-value.com\/wp-content\/uploads\/2021\/04\/slider-temp_01.jpg&#8221; background_blend=&#8221;multiply&#8221; custom_padding=&#8221;55px||55px||false|false&#8221; custom_padding_tablet=&#8221;40px||40px||false|false&#8221; custom_padding_phone=&#8221;25px||25px||false|false&#8221; locked=&#8221;off&#8221;][et_pb_row _builder_version=&#8221;4.9.4&#8243; _module_preset=&#8221;default&#8221;][et_pb_column type=&#8221;4_4&#8243; _builder_version=&#8221;4.9.4&#8243; _module_preset=&#8221;default&#8221;][et_pb_text _builder_version=&#8221;4.9.4&#8243; _dynamic_attributes=&#8221;content&#8221; _module_preset=&#8221;default&#8221; header_text_align=&#8221;center&#8221; header_text_color=&#8221;#FFFFFF&#8221; header_font_size=&#8221;50px&#8221; background_enable_color=&#8221;off&#8221; animation_style=&#8221;slide&#8221; header_font_size_tablet=&#8221;&#8221; header_font_size_phone=&#8221;35px&#8221; header_font_size_last_edited=&#8221;on|phone&#8221;]@ET-DC@eyJkeW5hbWljIjp0cnVlLCJjb250ZW50IjoicG9zdF90aXRsZSIsInNldHRpbmdzIjp7ImJlZm9yZSI6IjxoMT4iLCJhZnRlciI6IjwvaDE+In19@[\/et_pb_text][\/et_pb_column][\/et_pb_row][\/et_pb_section][et_pb_section fb_built=&#8221;1&#8243; _builder_version=&#8221;4.9.4&#8243; _module_preset=&#8221;default&#8221;][et_pb_row column_structure=&#8221;1_2,1_2&#8243; _builder_version=&#8221;4.9.4&#8243; _module_preset=&#8221;default&#8221;][et_pb_column type=&#8221;1_2&#8243; _builder_version=&#8221;4.9.4&#8243; _module_preset=&#8221;default&#8221;][et_pb_text _builder_version=&#8221;4.9.4&#8243; _module_preset=&#8221;default&#8221;]<\/p>\n<h2>Maloprodaja<\/h2>\n<p>Opti Value poku\u0161ava distribuirati sve svoje proizvode \u0161to ve\u0107em broju trgovaca. Na\u0161a maloprodajna mre\u017ea u cijeloj Europi poma\u017ee nam da svoje brojne proizvode prenesemo \u0161to jednostavnije do kupaca u \u0161to ve\u0107em broju zemalja, gradova i \u010detvrti.<\/p>\n<p>Ako ste vlasnik male trgovine i \u017eelite postati na\u0161 partner, slobodno nas <a href=\"https:\/\/opti-value.com\/hr\/kontakt\/\">kontaktirajte<\/a>.<\/p>\n<p>[\/et_pb_text][\/et_pb_column][et_pb_column type=&#8221;1_2&#8243; _builder_version=&#8221;4.9.4&#8243; _module_preset=&#8221;default&#8221;][et_pb_text _builder_version=&#8221;4.9.4&#8243; _module_preset=&#8221;default&#8221;]<\/p>\n<h2>Veleprodaja<\/h2>\n<p>Kako bismo na\u0161e proizvode pribli\u017eili velikim potro\u0161a\u010dima, partneri smo s brojnim veletrgova\u010dkim lanacima. Na ovaj na\u010din sve na\u0161e proizvode mo\u017eete kupiti u velikoj koli\u010dini kako vam odgovara.<\/p>\n<p>Ako ste predstavnik veletrgovine i \u017eelite postati na\u0161 partner, slobodno nas <a href=\"https:\/\/opti-value.com\/hr\/kontakt\/\">kontaktirajte<\/a>.<\/p>\n<p>[\/et_pb_text][\/et_pb_column][\/et_pb_row][et_pb_row column_structure=&#8221;1_2,1_2&#8243; _builder_version=&#8221;4.9.4&#8243; _module_preset=&#8221;default&#8221;][et_pb_column type=&#8221;1_2&#8243; _builder_version=&#8221;4.9.4&#8243; _module_preset=&#8221;default&#8221;][et_pb_text _builder_version=&#8221;4.9.4&#8243; _module_preset=&#8221;default&#8221;]<\/p>\n<h2>Webshop<\/h2>\n<p>Da bismo vam olak\u0161ali \u017eivot, ve\u0107inu na\u0161ih proizvoda mo\u017eete kupiti putem interneta na na\u0161em webu. Pregledajte kategorije, odaberite svoje omiljene proizvode i kupujte iz udobnosti svog doma.<\/p>\n<p>&nbsp;<\/p>\n<p>[\/et_pb_text][\/et_pb_column][et_pb_column type=&#8221;1_2&#8243; _builder_version=&#8221;4.9.4&#8243; _module_preset=&#8221;default&#8221;][et_pb_text _builder_version=&#8221;4.9.4&#8243; _module_preset=&#8221;default&#8221;]<\/p>\n<h2>Proizvo\u0111a\u010di<\/h2>\n<p>Cilj nam je pru\u017eiti kupcima najbolje proizvode na tr\u017ei\u0161tu. Da bismo to u\u010dinili, sura\u0111ujemo s najboljim proizvo\u0111a\u010dima u svom podru\u010dju.<\/p>\n<p>Ako predstavljate proizvo\u0111a\u010da i \u017eeljeli biste postati na\u0161 partner, slobodno nas <strong><a href=\"https:\/\/opti-value.com\/hr\/kontakt\/\">kontaktirajte<\/a><\/strong>.<\/p>\n<p>[\/et_pb_text][\/et_pb_column][\/et_pb_row][\/et_pb_section][et_pb_section fb_built=&#8221;1&#8243; _builder_version=&#8221;4.9.4&#8243; _module_preset=&#8221;default&#8221; background_enable_color=&#8221;off&#8221; background_enable_image=&#8221;off&#8221; background_blend=&#8221;multiply&#8221; custom_margin=&#8221;10px||0px||false|false&#8221; custom_padding=&#8221;0px||0px||false|false&#8221; locked=&#8221;off&#8221;][et_pb_row _builder_version=&#8221;4.9.4&#8243; _module_preset=&#8221;default&#8221; width=&#8221;100%&#8221; max_width=&#8221;2560px&#8221; module_alignment=&#8221;center&#8221; custom_margin=&#8221;0px||0px||false|false&#8221; custom_padding=&#8221;0px||0px||false|false&#8221;][et_pb_column type=&#8221;4_4&#8243; _builder_version=&#8221;4.9.4&#8243; _module_preset=&#8221;default&#8221;][et_pb_slider use_bg_overlay=&#8221;on&#8221; _builder_version=&#8221;4.9.4&#8243; _module_preset=&#8221;default&#8221; background_image=&#8221;https:\/\/opti-value.com\/wp-content\/uploads\/2021\/04\/shutterstock_1499859920.jpg&#8221; parallax=&#8221;on&#8221; width=&#8221;100%&#8221; max_width=&#8221;100%&#8221; module_alignment=&#8221;center&#8221; content_max_width=&#8221;60%&#8221; content_max_width_tablet=&#8221;80%&#8221; content_max_width_phone=&#8221;90%&#8221; content_max_width_last_edited=&#8221;on|desktop&#8221; custom_padding=&#8221;152px||152px||true|&#8221;][et_pb_slide heading=&#8221;\u017delite postati na\u0161 partner kao distributer ili proizvo\u0111a\u010d?&#8221; button_text=&#8221;Kontakt&#8221; button_link=&#8221;@ET-DC@eyJkeW5hbWljIjp0cnVlLCJjb250ZW50IjoicG9zdF9saW5rX3VybF9wYWdlIiwic2V0dGluZ3MiOnsicG9zdF9pZCI6IjQyIn19@&#8221; _builder_version=&#8221;4.9.4&#8243; _dynamic_attributes=&#8221;button_link&#8221; _module_preset=&#8221;default&#8221; header_level=&#8221;h3&#8243; header_font=&#8221;|600|||||||&#8221; header_font_size=&#8221;32px&#8221; header_line_height=&#8221;1.2em&#8221; body_font_size=&#8221;22px&#8221; sticky_transition=&#8221;on&#8221;]<\/p>\n<p>Kontaktirajte nas i postanite na\u0161 partner<\/p>\n<p>[\/et_pb_slide][\/et_pb_slider][\/et_pb_column][\/et_pb_row][\/et_pb_section][et_pb_section fb_built=&#8221;1&#8243; _builder_version=&#8221;4.9.4&#8243; _module_preset=&#8221;default&#8221; custom_padding=&#8221;82px|||||&#8221; top_divider_style=&#8221;arrow2&#8243; top_divider_color=&#8221;#23408F&#8221; top_divider_height=&#8221;57px&#8221; locked=&#8221;off&#8221;][et_pb_row _builder_version=&#8221;4.9.4&#8243; _module_preset=&#8221;default&#8221; custom_padding=&#8221;0px||0px||true|&#8221; animation_style=&#8221;slide&#8221; animation_intensity_slide=&#8221;10%&#8221;][et_pb_column type=&#8221;4_4&#8243; _builder_version=&#8221;4.9.4&#8243; _module_preset=&#8221;default&#8221;][et_pb_text _builder_version=&#8221;4.9.4&#8243; _module_preset=&#8221;default&#8221; header_2_font_size=&#8221;50px&#8221; header_2_line_height=&#8221;1.2em&#8221; text_orientation=&#8221;center&#8221; max_width=&#8221;750px&#8221; module_alignment=&#8221;center&#8221; header_2_font_size_tablet=&#8221;40px&#8221; header_2_font_size_phone=&#8221;35px&#8221; header_2_font_size_last_edited=&#8221;on|phone&#8221;]<\/p>\n<h2>Distributeri<\/h2>\n<p>[\/et_pb_text][et_pb_divider color=&#8221;#000000&#8243; divider_weight=&#8221;3px&#8221; _builder_version=&#8221;4.9.4&#8243; _module_preset=&#8221;default&#8221; width=&#8221;100px&#8221; module_alignment=&#8221;center&#8221;][\/et_pb_divider][\/et_pb_column][\/et_pb_row][et_pb_row _builder_version=&#8221;4.9.4&#8243; _module_preset=&#8221;default&#8221; disabled_on=&#8221;on|on|on&#8221; disabled=&#8221;on&#8221;][et_pb_column type=&#8221;4_4&#8243; _builder_version=&#8221;4.9.4&#8243; _module_preset=&#8221;default&#8221;][et_pb_accordion _builder_version=&#8221;4.9.4&#8243; _module_preset=&#8221;default&#8221; toggle_font_size=&#8221;19px&#8221; border_radii=&#8221;on|5px|5px|5px|5px&#8221;][et_pb_accordion_item title=&#8221;Hrvatska&#8221; open=&#8221;on&#8221; _builder_version=&#8221;4.9.4&#8243; _module_preset=&#8221;default&#8221; hover_enabled=&#8221;0&#8243; sticky_enabled=&#8221;0&#8243;]<\/p>\n<table style=\"border-collapse: collapse; width: 100%;\" border=\"1\">\n<tbody>\n<tr>\n<td style=\"width: 25%; text-align: center;\">Logi Speed d.o.o.<\/td>\n<td style=\"width: 25%; text-align: center;\">III. Ravnice 30, 10 000 Zagreb<\/td>\n<td style=\"width: 25%; text-align: center;\"><a href=\"mailto:info@logi-speed.hr\">info@logi-speed.hr<\/a><\/td>\n<td style=\"width: 25%; text-align: center;\"><a href=\"tel:00385914299080\">+38591 4299 080<\/a><\/td>\n<\/tr>\n<\/tbody>\n<\/table>\n<p>[\/et_pb_accordion_item][\/et_pb_accordion][\/et_pb_column][\/et_pb_row][\/et_pb_section]<\/p>\n","protected":false},"excerpt":{"rendered":"<p>Maloprodaja Opti Value poku\u0161ava distribuirati sve svoje proizvode \u0161to ve\u0107em broju trgovaca. Na\u0161a maloprodajna mre\u017ea u cijeloj Europi poma\u017ee nam da svoje brojne proizvode prenesemo \u0161to jednostavnije do kupaca u \u0161to ve\u0107em broju zemalja, gradova i \u010detvrti. Ako ste vlasnik male trgovine i \u017eelite postati na\u0161 partner, slobodno nas kontaktirajte.Veleprodaja Kako bismo na\u0161e proizvode pribli\u017eili [&hellip;]<\/p>\n","protected":false},"author":1,"featured_media":0,"parent":0,"menu_order":0,"comment_status":"closed","ping_status":"closed","template":"","meta":{"_et_pb_use_builder":"on","_et_pb_old_content":"","_et_gb_content_width":"","footnotes":""},"class_list":["post-477","page","type-page","status-publish","hentry"],"yoast_head":"<!-- This site is optimized with the Yoast SEO plugin v20.1 - https:\/\/yoast.com\/wordpress\/plugins\/seo\/ -->\n<title>Na\u0161i kanali distibucije i partneri - OptiValue<\/title>\n<meta name=\"description\" content=\"Imate malu trgovine, predstavljate veliki lanac ili ste individualni kupac, nema problema. Slobodno nas kontaktirajte i postanite na\u0161 partner ili kupac!\" \/>\n<meta name=\"robots\" content=\"index, follow, max-snippet:-1, max-image-preview:large, max-video-preview:-1\" \/>\n<link rel=\"canonical\" href=\"https:\/\/opti-value.com\/hr\/distribucijski-kanali\/\" \/>\n<meta property=\"og:locale\" content=\"hr_HR\" \/>\n<meta property=\"og:type\" content=\"article\" \/>\n<meta property=\"og:title\" content=\"Na\u0161i kanali distibucije i partneri - OptiValue\" \/>\n<meta property=\"og:description\" content=\"Imate malu trgovine, predstavljate veliki lanac ili ste individualni kupac, nema problema. Slobodno nas kontaktirajte i postanite na\u0161 partner ili kupac!\" \/>\n<meta property=\"og:url\" content=\"https:\/\/opti-value.com\/hr\/distribucijski-kanali\/\" \/>\n<meta property=\"og:site_name\" content=\"OptiValue\" \/>\n<meta property=\"article:modified_time\" content=\"2021-09-07T14:28:12+00:00\" \/>\n<meta name=\"twitter:card\" content=\"summary_large_image\" \/>\n<meta name=\"twitter:label1\" content=\"Procijenjeno vrijeme \u010ditanja\" \/>\n\t<meta name=\"twitter:data1\" content=\"4 minute\" \/>\n<script type=\"application\/ld+json\" class=\"yoast-schema-graph\">{\"@context\":\"https:\/\/schema.org\",\"@graph\":[{\"@type\":\"WebPage\",\"@id\":\"https:\/\/opti-value.com\/hr\/distribucijski-kanali\/\",\"url\":\"https:\/\/opti-value.com\/hr\/distribucijski-kanali\/\",\"name\":\"Na\u0161i kanali distibucije i partneri - OptiValue\",\"isPartOf\":{\"@id\":\"https:\/\/opti-value.com\/#website\"},\"datePublished\":\"2021-05-16T19:04:34+00:00\",\"dateModified\":\"2021-09-07T14:28:12+00:00\",\"description\":\"Imate malu trgovine, predstavljate veliki lanac ili ste individualni kupac, nema problema. Slobodno nas kontaktirajte i postanite na\u0161 partner ili kupac!\",\"breadcrumb\":{\"@id\":\"https:\/\/opti-value.com\/hr\/distribucijski-kanali\/#breadcrumb\"},\"inLanguage\":\"hr\",\"potentialAction\":[{\"@type\":\"ReadAction\",\"target\":[\"https:\/\/opti-value.com\/hr\/distribucijski-kanali\/\"]}]},{\"@type\":\"BreadcrumbList\",\"@id\":\"https:\/\/opti-value.com\/hr\/distribucijski-kanali\/#breadcrumb\",\"itemListElement\":[{\"@type\":\"ListItem\",\"position\":1,\"name\":\"Home\",\"item\":\"https:\/\/opti-value.com\/hr\/\"},{\"@type\":\"ListItem\",\"position\":2,\"name\":\"Distribucijski kanali\"}]},{\"@type\":\"WebSite\",\"@id\":\"https:\/\/opti-value.com\/#website\",\"url\":\"https:\/\/opti-value.com\/\",\"name\":\"OptiValue\",\"description\":\"\",\"publisher\":{\"@id\":\"https:\/\/opti-value.com\/#organization\"},\"potentialAction\":[{\"@type\":\"SearchAction\",\"target\":{\"@type\":\"EntryPoint\",\"urlTemplate\":\"https:\/\/opti-value.com\/?s={search_term_string}\"},\"query-input\":\"required name=search_term_string\"}],\"inLanguage\":\"hr\"},{\"@type\":\"Organization\",\"@id\":\"https:\/\/opti-value.com\/#organization\",\"name\":\"Opti Value\",\"url\":\"https:\/\/opti-value.com\/\",\"logo\":{\"@type\":\"ImageObject\",\"inLanguage\":\"hr\",\"@id\":\"https:\/\/opti-value.com\/#\/schema\/logo\/image\/\",\"url\":\"https:\/\/opti-value.com\/wp-content\/uploads\/2021\/02\/OPTIvalue-logo-horizontalni.png\",\"contentUrl\":\"https:\/\/opti-value.com\/wp-content\/uploads\/2021\/02\/OPTIvalue-logo-horizontalni.png\",\"width\":723,\"height\":234,\"caption\":\"Opti Value\"},\"image\":{\"@id\":\"https:\/\/opti-value.com\/#\/schema\/logo\/image\/\"}}]}<\/script>\n<!-- \/ Yoast SEO plugin. -->","yoast_head_json":{"title":"Na\u0161i kanali distibucije i partneri - OptiValue","description":"Imate malu trgovine, predstavljate veliki lanac ili ste individualni kupac, nema problema. Slobodno nas kontaktirajte i postanite na\u0161 partner ili kupac!","robots":{"index":"index","follow":"follow","max-snippet":"max-snippet:-1","max-image-preview":"max-image-preview:large","max-video-preview":"max-video-preview:-1"},"canonical":"https:\/\/opti-value.com\/hr\/distribucijski-kanali\/","og_locale":"hr_HR","og_type":"article","og_title":"Na\u0161i kanali distibucije i partneri - OptiValue","og_description":"Imate malu trgovine, predstavljate veliki lanac ili ste individualni kupac, nema problema. Slobodno nas kontaktirajte i postanite na\u0161 partner ili kupac!","og_url":"https:\/\/opti-value.com\/hr\/distribucijski-kanali\/","og_site_name":"OptiValue","article_modified_time":"2021-09-07T14:28:12+00:00","twitter_card":"summary_large_image","twitter_misc":{"Procijenjeno vrijeme \u010ditanja":"4 minute"},"schema":{"@context":"https:\/\/schema.org","@graph":[{"@type":"WebPage","@id":"https:\/\/opti-value.com\/hr\/distribucijski-kanali\/","url":"https:\/\/opti-value.com\/hr\/distribucijski-kanali\/","name":"Na\u0161i kanali distibucije i partneri - OptiValue","isPartOf":{"@id":"https:\/\/opti-value.com\/#website"},"datePublished":"2021-05-16T19:04:34+00:00","dateModified":"2021-09-07T14:28:12+00:00","description":"Imate malu trgovine, predstavljate veliki lanac ili ste individualni kupac, nema problema. Slobodno nas kontaktirajte i postanite na\u0161 partner ili kupac!","breadcrumb":{"@id":"https:\/\/opti-value.com\/hr\/distribucijski-kanali\/#breadcrumb"},"inLanguage":"hr","potentialAction":[{"@type":"ReadAction","target":["https:\/\/opti-value.com\/hr\/distribucijski-kanali\/"]}]},{"@type":"BreadcrumbList","@id":"https:\/\/opti-value.com\/hr\/distribucijski-kanali\/#breadcrumb","itemListElement":[{"@type":"ListItem","position":1,"name":"Home","item":"https:\/\/opti-value.com\/hr\/"},{"@type":"ListItem","position":2,"name":"Distribucijski kanali"}]},{"@type":"WebSite","@id":"https:\/\/opti-value.com\/#website","url":"https:\/\/opti-value.com\/","name":"OptiValue","description":"","publisher":{"@id":"https:\/\/opti-value.com\/#organization"},"potentialAction":[{"@type":"SearchAction","target":{"@type":"EntryPoint","urlTemplate":"https:\/\/opti-value.com\/?s={search_term_string}"},"query-input":"required name=search_term_string"}],"inLanguage":"hr"},{"@type":"Organization","@id":"https:\/\/opti-value.com\/#organization","name":"Opti Value","url":"https:\/\/opti-value.com\/","logo":{"@type":"ImageObject","inLanguage":"hr","@id":"https:\/\/opti-value.com\/#\/schema\/logo\/image\/","url":"https:\/\/opti-value.com\/wp-content\/uploads\/2021\/02\/OPTIvalue-logo-horizontalni.png","contentUrl":"https:\/\/opti-value.com\/wp-content\/uploads\/2021\/02\/OPTIvalue-logo-horizontalni.png","width":723,"height":234,"caption":"Opti Value"},"image":{"@id":"https:\/\/opti-value.com\/#\/schema\/logo\/image\/"}}]}},"_links":{"self":[{"href":"https:\/\/opti-value.com\/hr\/wp-json\/wp\/v2\/pages\/477","targetHints":{"allow":["GET"]}}],"collection":[{"href":"https:\/\/opti-value.com\/hr\/wp-json\/wp\/v2\/pages"}],"about":[{"href":"https:\/\/opti-value.com\/hr\/wp-json\/wp\/v2\/types\/page"}],"author":[{"embeddable":true,"href":"https:\/\/opti-value.com\/hr\/wp-json\/wp\/v2\/users\/1"}],"replies":[{"embeddable":true,"href":"https:\/\/opti-value.com\/hr\/wp-json\/wp\/v2\/comments?post=477"}],"version-history":[{"count":3,"href":"https:\/\/opti-value.com\/hr\/wp-json\/wp\/v2\/pages\/477\/revisions"}],"predecessor-version":[{"id":803,"href":"https:\/\/opti-value.com\/hr\/wp-json\/wp\/v2\/pages\/477\/revisions\/803"}],"wp:attachment":[{"href":"https:\/\/opti-value.com\/hr\/wp-json\/wp\/v2\/media?parent=477"}],"curies":[{"name":"wp","href":"https:\/\/api.w.org\/{rel}","templated":true}]}}