{"id":490,"date":"2021-05-16T21:18:02","date_gmt":"2021-05-16T19:18:02","guid":{"rendered":"https:\/\/opti-value.com\/o-nama\/"},"modified":"2022-02-16T16:09:38","modified_gmt":"2022-02-16T15:09:38","slug":"o-nama","status":"publish","type":"page","link":"https:\/\/opti-value.com\/hr\/o-nama\/","title":{"rendered":"O nama"},"content":{"rendered":"<p>[et_pb_section fb_built=&#8221;1&#8243; custom_padding_last_edited=&#8221;on|phone&#8221; _builder_version=&#8221;4.9.4&#8243; _module_preset=&#8221;default&#8221; background_color=&#8221;rgba(0,0,0,0.4)&#8221; background_image=&#8221;https:\/\/opti-value.com\/wp-content\/uploads\/2021\/04\/slider-temp_01.jpg&#8221; background_blend=&#8221;multiply&#8221; custom_padding=&#8221;55px||55px||false|false&#8221; custom_padding_tablet=&#8221;40px||40px||false|false&#8221; custom_padding_phone=&#8221;25px||25px||false|false&#8221; locked=&#8221;off&#8221; global_colors_info=&#8221;{}&#8221;][et_pb_row _builder_version=&#8221;4.9.4&#8243; _module_preset=&#8221;default&#8221; global_colors_info=&#8221;{}&#8221;][et_pb_column type=&#8221;4_4&#8243; _builder_version=&#8221;4.9.4&#8243; _module_preset=&#8221;default&#8221; global_colors_info=&#8221;{}&#8221;][et_pb_text _builder_version=&#8221;4.9.4&#8243; _module_preset=&#8221;default&#8221; header_text_align=&#8221;center&#8221; header_text_color=&#8221;#FFFFFF&#8221; header_font_size=&#8221;50px&#8221; background_enable_color=&#8221;off&#8221; animation_style=&#8221;slide&#8221; header_font_size_tablet=&#8221;&#8221; header_font_size_phone=&#8221;35px&#8221; header_font_size_last_edited=&#8221;on|phone&#8221; global_colors_info=&#8221;{}&#8221;]<\/p>\n<h1>O nama<\/h1>\n<p>[\/et_pb_text][\/et_pb_column][\/et_pb_row][\/et_pb_section][et_pb_section fb_built=&#8221;1&#8243; _builder_version=&#8221;4.9.4&#8243; _module_preset=&#8221;default&#8221; global_colors_info=&#8221;{}&#8221;][et_pb_row column_structure=&#8221;1_2,1_2&#8243; _builder_version=&#8221;4.9.4&#8243; _module_preset=&#8221;default&#8221; global_colors_info=&#8221;{}&#8221;][et_pb_column type=&#8221;1_2&#8243; _builder_version=&#8221;4.9.4&#8243; _module_preset=&#8221;default&#8221; global_colors_info=&#8221;{}&#8221;][et_pb_text _builder_version=&#8221;4.14.7&#8243; _module_preset=&#8221;default&#8221; hover_enabled=&#8221;0&#8243; global_colors_info=&#8221;{}&#8221; sticky_enabled=&#8221;0&#8243;]<\/p>\n<h2>Opti Value<\/h2>\n<p>Dugogodi\u0161nje iskustvo i cilj distribucije kvalitetnih proizvoda iz cijelog svijeta, \u010dine Opti Value pravim partnerom za vas.<\/p>\n<p>Prisutni smo u Hrvatskoj i mnogim EU zemljama poput \u0160vedske, Norve\u0161ke, Danske, Irske, Njema\u010dke, Francuske, Nizozemske, Belgije, Austrije, Italije, \u0160panjolske, Portugala, Gr\u010dke, Cipra, kao i Slovenije, sjeverne Makedonije i Srbije. Dugogodi\u0161nja suradnja s na\u0161im partnerima iz ovih zemalja omogu\u0107uje nam brzu distribuciju novih proizvoda na ta tr\u017ei\u0161ta.<\/p>\n<p>Svi na\u0161i proizvo\u0111a\u010di koriste najbolje sastojke na tr\u017ei\u0161tu, tvornice su u skladu s najvi\u0161im HACCP i ISO standardima i imaju HALAL certifikat. Vlastiti logisti\u010dki centar omogu\u0107uje nam fleksibilnost u preuzimanju i transportu proizvoda do trgovina i krajnjih kupaca.<\/p>\n<p>Svi su na\u0161i proizvodi certificirani prema HALAL-u, a nedavno smo razvili i vlastitu marku Divan Garden koja ima oko 50 proizvoda i neprestano je nadogra\u0111ujemo novim.<\/p>\n<p>Jedan smo od vode\u0107ih distributera orijentalnih proizvoda u Hrvatskoj i \u0161ire. Divan Garden, Algota, Mahmood samo su neke od marki s kojima sura\u0111ujemo.<\/p>\n<p>Ako ste zainteresirani za suradnju, stalno tra\u017eimo nove partnere, pa nas slobodno kontaktirajte.<\/p>\n<p>[\/et_pb_text][\/et_pb_column][et_pb_column type=&#8221;1_2&#8243; _builder_version=&#8221;4.9.4&#8243; _module_preset=&#8221;default&#8221; global_colors_info=&#8221;{}&#8221;][et_pb_text _builder_version=&#8221;4.11.2&#8243; _module_preset=&#8221;default&#8221; global_colors_info=&#8221;{}&#8221;]<\/p>\n<h2>Opti Value<\/h2>\n<p><strong>Adresa:<\/strong><br \/>Pi\u010dmanova 11<br \/>10000 Zagreb<br \/>Hrvatska<\/p>\n<p><strong>OIB:<\/strong> 85426697502<br \/><strong>IBAN: <\/strong>HR9224840081135067764<\/p>\n<p>Dru\u0161tvo je upisano u sudski registar Trgova\u010dkog suda u Zagrebu pod mati\u010dnim brojem subjekta 080857700.<\/p>\n<p>Temeljni kapital u iznosu od 20.000,00 kuna upla\u0107en je u cijelosti.<\/p>\n<p>[\/et_pb_text][\/et_pb_column][\/et_pb_row][\/et_pb_section]<\/p>\n","protected":false},"excerpt":{"rendered":"<p>O namaOpti Value Dugogodi\u0161nje iskustvo i cilj distribucije kvalitetnih proizvoda iz cijelog svijeta, \u010dine Opti Value pravim partnerom za vas. Prisutni smo u Hrvatskoj i mnogim EU zemljama poput \u0160vedske, Norve\u0161ke, Danske, Irske, Njema\u010dke, Francuske, Nizozemske, Belgije, Austrije, Italije, \u0160panjolske, Portugala, Gr\u010dke, Cipra, kao i Slovenije, sjeverne Makedonije i Srbije. Dugogodi\u0161nja suradnja s na\u0161im partnerima [&hellip;]<\/p>\n","protected":false},"author":1,"featured_media":0,"parent":0,"menu_order":0,"comment_status":"closed","ping_status":"closed","template":"","meta":{"_et_pb_use_builder":"on","_et_pb_old_content":"","_et_gb_content_width":"","footnotes":""},"class_list":["post-490","page","type-page","status-publish","hentry"],"yoast_head":"<!-- This site is optimized with the Yoast SEO plugin v20.1 - https:\/\/yoast.com\/wordpress\/plugins\/seo\/ -->\n<title>O nama - OptiValue<\/title>\n<meta name=\"description\" content=\"Opti value - jedan od vode\u0107ih distributera orijentalnih proizvoda poput Indomie, Divan Garden, Algota, Mahmood U Hrvatskoj i \u0161ire.\" \/>\n<meta name=\"robots\" content=\"index, follow, max-snippet:-1, max-image-preview:large, max-video-preview:-1\" \/>\n<link rel=\"canonical\" href=\"https:\/\/opti-value.com\/about-us\/\" \/>\n<meta property=\"og:locale\" content=\"hr_HR\" \/>\n<meta property=\"og:type\" content=\"article\" \/>\n<meta property=\"og:title\" content=\"O nama - OptiValue\" \/>\n<meta property=\"og:description\" content=\"Opti value - jedan od vode\u0107ih distributera orijentalnih proizvoda poput Indomie, Divan Garden, Algota, Mahmood U Hrvatskoj i \u0161ire.\" \/>\n<meta property=\"og:url\" content=\"https:\/\/opti-value.com\/about-us\/\" \/>\n<meta property=\"og:site_name\" content=\"OptiValue\" \/>\n<meta property=\"article:modified_time\" content=\"2022-02-16T15:09:38+00:00\" \/>\n<meta name=\"twitter:card\" content=\"summary_large_image\" \/>\n<meta name=\"twitter:label1\" content=\"Procijenjeno vrijeme \u010ditanja\" \/>\n\t<meta name=\"twitter:data1\" content=\"2 minute\" \/>\n<script type=\"application\/ld+json\" class=\"yoast-schema-graph\">{\"@context\":\"https:\/\/schema.org\",\"@graph\":[{\"@type\":\"WebPage\",\"@id\":\"https:\/\/opti-value.com\/about-us\/\",\"url\":\"https:\/\/opti-value.com\/about-us\/\",\"name\":\"O nama - OptiValue\",\"isPartOf\":{\"@id\":\"https:\/\/opti-value.com\/#website\"},\"datePublished\":\"2021-05-16T19:18:02+00:00\",\"dateModified\":\"2022-02-16T15:09:38+00:00\",\"description\":\"Opti value - jedan od vode\u0107ih distributera orijentalnih proizvoda poput Indomie, Divan Garden, Algota, Mahmood U Hrvatskoj i \u0161ire.\",\"breadcrumb\":{\"@id\":\"https:\/\/opti-value.com\/about-us\/#breadcrumb\"},\"inLanguage\":\"hr\",\"potentialAction\":[{\"@type\":\"ReadAction\",\"target\":[\"https:\/\/opti-value.com\/about-us\/\"]}]},{\"@type\":\"BreadcrumbList\",\"@id\":\"https:\/\/opti-value.com\/about-us\/#breadcrumb\",\"itemListElement\":[{\"@type\":\"ListItem\",\"position\":1,\"name\":\"Home\",\"item\":\"https:\/\/opti-value.com\/hr\/\"},{\"@type\":\"ListItem\",\"position\":2,\"name\":\"O nama\"}]},{\"@type\":\"WebSite\",\"@id\":\"https:\/\/opti-value.com\/#website\",\"url\":\"https:\/\/opti-value.com\/\",\"name\":\"OptiValue\",\"description\":\"\",\"publisher\":{\"@id\":\"https:\/\/opti-value.com\/#organization\"},\"potentialAction\":[{\"@type\":\"SearchAction\",\"target\":{\"@type\":\"EntryPoint\",\"urlTemplate\":\"https:\/\/opti-value.com\/?s={search_term_string}\"},\"query-input\":\"required name=search_term_string\"}],\"inLanguage\":\"hr\"},{\"@type\":\"Organization\",\"@id\":\"https:\/\/opti-value.com\/#organization\",\"name\":\"Opti Value\",\"url\":\"https:\/\/opti-value.com\/\",\"logo\":{\"@type\":\"ImageObject\",\"inLanguage\":\"hr\",\"@id\":\"https:\/\/opti-value.com\/#\/schema\/logo\/image\/\",\"url\":\"https:\/\/opti-value.com\/wp-content\/uploads\/2021\/02\/OPTIvalue-logo-horizontalni.png\",\"contentUrl\":\"https:\/\/opti-value.com\/wp-content\/uploads\/2021\/02\/OPTIvalue-logo-horizontalni.png\",\"width\":723,\"height\":234,\"caption\":\"Opti Value\"},\"image\":{\"@id\":\"https:\/\/opti-value.com\/#\/schema\/logo\/image\/\"}}]}<\/script>\n<!-- \/ Yoast SEO plugin. -->","yoast_head_json":{"title":"O nama - OptiValue","description":"Opti value - jedan od vode\u0107ih distributera orijentalnih proizvoda poput Indomie, Divan Garden, Algota, Mahmood U Hrvatskoj i \u0161ire.","robots":{"index":"index","follow":"follow","max-snippet":"max-snippet:-1","max-image-preview":"max-image-preview:large","max-video-preview":"max-video-preview:-1"},"canonical":"https:\/\/opti-value.com\/about-us\/","og_locale":"hr_HR","og_type":"article","og_title":"O nama - OptiValue","og_description":"Opti value - jedan od vode\u0107ih distributera orijentalnih proizvoda poput Indomie, Divan Garden, Algota, Mahmood U Hrvatskoj i \u0161ire.","og_url":"https:\/\/opti-value.com\/about-us\/","og_site_name":"OptiValue","article_modified_time":"2022-02-16T15:09:38+00:00","twitter_card":"summary_large_image","twitter_misc":{"Procijenjeno vrijeme \u010ditanja":"2 minute"},"schema":{"@context":"https:\/\/schema.org","@graph":[{"@type":"WebPage","@id":"https:\/\/opti-value.com\/about-us\/","url":"https:\/\/opti-value.com\/about-us\/","name":"O nama - OptiValue","isPartOf":{"@id":"https:\/\/opti-value.com\/#website"},"datePublished":"2021-05-16T19:18:02+00:00","dateModified":"2022-02-16T15:09:38+00:00","description":"Opti value - jedan od vode\u0107ih distributera orijentalnih proizvoda poput Indomie, Divan Garden, Algota, Mahmood U Hrvatskoj i \u0161ire.","breadcrumb":{"@id":"https:\/\/opti-value.com\/about-us\/#breadcrumb"},"inLanguage":"hr","potentialAction":[{"@type":"ReadAction","target":["https:\/\/opti-value.com\/about-us\/"]}]},{"@type":"BreadcrumbList","@id":"https:\/\/opti-value.com\/about-us\/#breadcrumb","itemListElement":[{"@type":"ListItem","position":1,"name":"Home","item":"https:\/\/opti-value.com\/hr\/"},{"@type":"ListItem","position":2,"name":"O nama"}]},{"@type":"WebSite","@id":"https:\/\/opti-value.com\/#website","url":"https:\/\/opti-value.com\/","name":"OptiValue","description":"","publisher":{"@id":"https:\/\/opti-value.com\/#organization"},"potentialAction":[{"@type":"SearchAction","target":{"@type":"EntryPoint","urlTemplate":"https:\/\/opti-value.com\/?s={search_term_string}"},"query-input":"required name=search_term_string"}],"inLanguage":"hr"},{"@type":"Organization","@id":"https:\/\/opti-value.com\/#organization","name":"Opti Value","url":"https:\/\/opti-value.com\/","logo":{"@type":"ImageObject","inLanguage":"hr","@id":"https:\/\/opti-value.com\/#\/schema\/logo\/image\/","url":"https:\/\/opti-value.com\/wp-content\/uploads\/2021\/02\/OPTIvalue-logo-horizontalni.png","contentUrl":"https:\/\/opti-value.com\/wp-content\/uploads\/2021\/02\/OPTIvalue-logo-horizontalni.png","width":723,"height":234,"caption":"Opti Value"},"image":{"@id":"https:\/\/opti-value.com\/#\/schema\/logo\/image\/"}}]}},"_links":{"self":[{"href":"https:\/\/opti-value.com\/hr\/wp-json\/wp\/v2\/pages\/490","targetHints":{"allow":["GET"]}}],"collection":[{"href":"https:\/\/opti-value.com\/hr\/wp-json\/wp\/v2\/pages"}],"about":[{"href":"https:\/\/opti-value.com\/hr\/wp-json\/wp\/v2\/types\/page"}],"author":[{"embeddable":true,"href":"https:\/\/opti-value.com\/hr\/wp-json\/wp\/v2\/users\/1"}],"replies":[{"embeddable":true,"href":"https:\/\/opti-value.com\/hr\/wp-json\/wp\/v2\/comments?post=490"}],"version-history":[{"count":3,"href":"https:\/\/opti-value.com\/hr\/wp-json\/wp\/v2\/pages\/490\/revisions"}],"predecessor-version":[{"id":836,"href":"https:\/\/opti-value.com\/hr\/wp-json\/wp\/v2\/pages\/490\/revisions\/836"}],"wp:attachment":[{"href":"https:\/\/opti-value.com\/hr\/wp-json\/wp\/v2\/media?parent=490"}],"curies":[{"name":"wp","href":"https:\/\/api.w.org\/{rel}","templated":true}]}}