{"id":496,"date":"2021-05-16T21:19:45","date_gmt":"2021-05-16T19:19:45","guid":{"rendered":"https:\/\/opti-value.com\/kontakt\/"},"modified":"2023-02-20T20:33:40","modified_gmt":"2023-02-20T19:33:40","slug":"kontakt","status":"publish","type":"page","link":"https:\/\/opti-value.com\/hr\/kontakt\/","title":{"rendered":"Kontakt"},"content":{"rendered":"<p>[et_pb_section fb_built=&#8221;1&#8243; custom_padding_last_edited=&#8221;on|phone&#8221; _builder_version=&#8221;4.16&#8243; _module_preset=&#8221;default&#8221; background_color=&#8221;rgba(0,0,0,0.4)&#8221; background_image=&#8221;https:\/\/opti-value.com\/wp-content\/uploads\/2021\/04\/slider-temp_01.jpg&#8221; background_blend=&#8221;multiply&#8221; custom_padding=&#8221;55px||55px||false|false&#8221; custom_padding_tablet=&#8221;40px||40px||false|false&#8221; custom_padding_phone=&#8221;25px||25px||false|false&#8221; locked=&#8221;off&#8221; global_colors_info=&#8221;{}&#8221;][et_pb_row _builder_version=&#8221;4.16&#8243; _module_preset=&#8221;default&#8221; global_colors_info=&#8221;{}&#8221;][et_pb_column type=&#8221;4_4&#8243; _builder_version=&#8221;4.16&#8243; _module_preset=&#8221;default&#8221; global_colors_info=&#8221;{}&#8221;][et_pb_text _builder_version=&#8221;4.16&#8243; _module_preset=&#8221;default&#8221; header_text_align=&#8221;center&#8221; header_text_color=&#8221;#FFFFFF&#8221; header_font_size=&#8221;50px&#8221; background_enable_color=&#8221;off&#8221; animation_style=&#8221;slide&#8221; header_font_size_tablet=&#8221;&#8221; header_font_size_phone=&#8221;35px&#8221; header_font_size_last_edited=&#8221;on|phone&#8221; global_colors_info=&#8221;{}&#8221;]<\/p>\n<h1>Kontakt<\/h1>\n<p>[\/et_pb_text][\/et_pb_column][\/et_pb_row][\/et_pb_section][et_pb_section fb_built=&#8221;1&#8243; admin_label=&#8221;section&#8221; _builder_version=&#8221;4.16&#8243; custom_padding=&#8221;0px||||false|false&#8221; global_colors_info=&#8221;{}&#8221;][et_pb_row column_structure=&#8221;1_2,1_2&#8243; _builder_version=&#8221;4.16&#8243; _module_preset=&#8221;default&#8221; global_colors_info=&#8221;{}&#8221;][et_pb_column type=&#8221;1_2&#8243; _builder_version=&#8221;4.16&#8243; _module_preset=&#8221;default&#8221; global_colors_info=&#8221;{}&#8221;][et_pb_text _builder_version=&#8221;4.16&#8243; _module_preset=&#8221;default&#8221; header_2_font_size=&#8221;30px&#8221; custom_margin=&#8221;||0px|||&#8221; global_colors_info=&#8221;{}&#8221;]<\/p>\n<h2>Kontaktirajte nas<\/h2>\n<p>[\/et_pb_text][wpforms_selector form_id=&#8221;746&#8243; show_title=&#8221;off&#8221; show_desc=&#8221;off&#8221; _builder_version=&#8221;4.9.4&#8243; _module_preset=&#8221;default&#8221; global_colors_info=&#8221;{}&#8221;][\/wpforms_selector][\/et_pb_column][et_pb_column type=&#8221;1_2&#8243; _builder_version=&#8221;4.16&#8243; _module_preset=&#8221;default&#8221; background_enable_color=&#8221;off&#8221; global_colors_info=&#8221;{}&#8221;][et_pb_text quote_border_color=&#8221;#FFFFFF&#8221; _builder_version=&#8221;4.19.0&#8243; _module_preset=&#8221;default&#8221; link_text_color=&#8221;#FFFFFF&#8221; quote_font_size=&#8221;20px&#8221; quote_line_height=&#8221;1.7em&#8221; background_color=&#8221;#23408F&#8221; background_layout=&#8221;dark&#8221; min_height=&#8221;190px&#8221; custom_margin=&#8221;40px|||||&#8221; custom_padding=&#8221;15px|25px|15px|25px|true|true&#8221; hover_enabled=&#8221;0&#8243; box_shadow_style=&#8221;preset4&#8243; global_colors_info=&#8221;{}&#8221; sticky_enabled=&#8221;0&#8243;]<\/p>\n<blockquote>\n<p><strong>Opti Value d.o.o.<br \/><\/strong>OIB 85426697502<br \/>Adresa:<br \/>Pi\u010dmanova ulica 11,<br \/>10 000 Zagreb<br \/>Email:\u00a0<a href=\"mailto:info@opti-value.com\">info@opti-value.com<\/a><\/p>\n<\/blockquote>\n<p>[\/et_pb_text][\/et_pb_column][\/et_pb_row][\/et_pb_section]<\/p>\n","protected":false},"excerpt":{"rendered":"<p>KontaktKontaktirajte nas<div class=\"et_pb_module wpforms_selector wpforms_selector_0\">\n\t\t\t\t\n\t\t\t\t\n\t\t\t\t\n\t\t\t\t\n\t\t\t\t\n\t\t\t\t\n\t\t\t\t<div class=\"et_pb_module_inner\">\n\t\t\t\t\t<div class=\"wpforms-container wpforms-container-full\" id=\"wpforms-746\"><form id=\"wpforms-form-746\" class=\"wpforms-validate wpforms-form\" data-formid=\"746\" method=\"post\" enctype=\"multipart\/form-data\" action=\"\/hr\/wp-json\/wp\/v2\/pages\/496\" data-token=\"bd755a1e8675dd7c2d51c262596dffa9\"><noscript class=\"wpforms-error-noscript\">Please enable JavaScript in your browser to complete this form.<\/noscript><div class=\"wpforms-field-container\"><div id=\"wpforms-746-field_0-container\" class=\"wpforms-field wpforms-field-name wpforms-one-half wpforms-first\" data-field-id=\"0\"><label class=\"wpforms-field-label wpforms-label-hide\" for=\"wpforms-746-field_0\">Ime <span class=\"wpforms-required-label\">*<\/span><\/label><input type=\"text\" id=\"wpforms-746-field_0\" class=\"wpforms-field-large wpforms-field-required\" name=\"wpforms[fields][0]\" placeholder=\"Ime\" required><\/div><div id=\"wpforms-746-field_4-container\" class=\"wpforms-field wpforms-field-text wpforms-one-half\" data-field-id=\"4\"><label class=\"wpforms-field-label wpforms-label-hide\" for=\"wpforms-746-field_4\">Tvrtka<\/label><input type=\"text\" id=\"wpforms-746-field_4\" class=\"wpforms-field-large\" name=\"wpforms[fields][4]\" placeholder=\"Tvrtka\" ><\/div><div id=\"wpforms-746-field_5-container\" class=\"wpforms-field wpforms-field-text wpforms-one-half wpforms-first\" data-field-id=\"5\"><label class=\"wpforms-field-label wpforms-label-hide\" for=\"wpforms-746-field_5\">Telefon <span class=\"wpforms-required-label\">*<\/span><\/label><input type=\"text\" id=\"wpforms-746-field_5\" class=\"wpforms-field-large wpforms-field-required\" name=\"wpforms[fields][5]\" placeholder=\"Telefon\" required><\/div><div id=\"wpforms-746-field_1-container\" class=\"wpforms-field wpforms-field-email wpforms-one-half\" data-field-id=\"1\"><label class=\"wpforms-field-label wpforms-label-hide\" for=\"wpforms-746-field_1\">Email <span class=\"wpforms-required-label\">*<\/span><\/label><input type=\"email\" id=\"wpforms-746-field_1\" class=\"wpforms-field-large wpforms-field-required\" name=\"wpforms[fields][1]\" placeholder=\"Email adresa\" spellcheck=\"false\" required><\/div><div id=\"wpforms-746-field_6-container\" class=\"wpforms-field wpforms-field-text\" data-field-id=\"6\"><label class=\"wpforms-field-label wpforms-label-hide\" for=\"wpforms-746-field_6\">Naslov <span class=\"wpforms-required-label\">*<\/span><\/label><input type=\"text\" id=\"wpforms-746-field_6\" class=\"wpforms-field-large wpforms-field-required\" name=\"wpforms[fields][6]\" placeholder=\"Naslov\" required><\/div><div id=\"wpforms-746-field_2-container\" class=\"wpforms-field wpforms-field-textarea\" data-field-id=\"2\"><label class=\"wpforms-field-label wpforms-label-hide\" for=\"wpforms-746-field_2\">Poruka <span class=\"wpforms-required-label\">*<\/span><\/label><textarea id=\"wpforms-746-field_2\" class=\"wpforms-field-medium wpforms-field-required\" name=\"wpforms[fields][2]\" placeholder=\"Poruka\" required><\/textarea><\/div><div id=\"wpforms-746-field_3-container\" class=\"wpforms-field wpforms-field-gdpr-checkbox\" data-field-id=\"3\"><label class=\"wpforms-field-label\" for=\"wpforms-746-field_3\">GDPR obavijest <span class=\"wpforms-required-label\">*<\/span><\/label><ul id=\"wpforms-746-field_3\" class=\"wpforms-field-required\"><li class=\"choice-1\"><input type=\"checkbox\" id=\"wpforms-746-field_3_1\" name=\"wpforms[fields][3][]\" value=\"Pristajem na pohranu gore navedenih osobnih podataka kako bi mogli odgovoriti na moj upit. Vi\u0161e o &lt;a href=&quot;https:\/\/opti-value.com\/hr\/politika-privatnosti\/&quot;&gt;politici privatnosti&lt;\/a&gt;.\" required ><label class=\"wpforms-field-label-inline\" for=\"wpforms-746-field_3_1\">Pristajem na pohranu gore navedenih osobnih podataka kako bi mogli odgovoriti na moj upit. Vi\u0161e o <a href=\"https:\/\/opti-value.com\/hr\/politika-privatnosti\/\">politici privatnosti<\/a>.<\/label><\/li><\/ul><\/div><\/div><!-- .wpforms-field-container --><div class=\"wpforms-submit-container\" ><input type=\"hidden\" name=\"wpforms[id]\" value=\"746\"><input type=\"hidden\" name=\"wpforms[author]\" value=\"1\"><button type=\"submit\" name=\"wpforms[submit]\" id=\"wpforms-submit-746\" class=\"wpforms-submit\" data-alt-text=\"Slanje...\" data-submit-text=\"Po\u0161alji\" aria-live=\"assertive\" value=\"wpforms-submit\">Po\u0161alji<\/button><\/div><\/form><\/div>  <!-- .wpforms-container -->\n\t\t\t\t<\/div>\n\t\t\t<\/div>Opti Value d.o.o.OIB 85426697502Adresa:Pi\u010dmanova ulica 11,10 000 ZagrebEmail:\u00a0info@opti-value.com<\/p>\n","protected":false},"author":1,"featured_media":0,"parent":0,"menu_order":0,"comment_status":"closed","ping_status":"closed","template":"","meta":{"_et_pb_use_builder":"on","_et_pb_old_content":"","_et_gb_content_width":"","footnotes":""},"class_list":["post-496","page","type-page","status-publish","hentry"],"yoast_head":"<!-- This site is optimized with the Yoast SEO plugin v20.1 - https:\/\/yoast.com\/wordpress\/plugins\/seo\/ -->\n<title>Kontakt - OptiValue<\/title>\n<meta name=\"description\" content=\"Imate pitanje o na\u0161im proizvodima ili \u017eelite postati na\u0161 partner, slobodno nas kontaktirajte putem forme ili emaila.\" \/>\n<meta name=\"robots\" content=\"index, follow, max-snippet:-1, max-image-preview:large, max-video-preview:-1\" \/>\n<link rel=\"canonical\" href=\"https:\/\/opti-value.com\/contact\/\" \/>\n<meta property=\"og:locale\" content=\"hr_HR\" \/>\n<meta property=\"og:type\" content=\"article\" \/>\n<meta property=\"og:title\" content=\"Kontakt - OptiValue\" \/>\n<meta property=\"og:description\" content=\"Imate pitanje o na\u0161im proizvodima ili \u017eelite postati na\u0161 partner, slobodno nas kontaktirajte putem forme ili emaila.\" \/>\n<meta property=\"og:url\" content=\"https:\/\/opti-value.com\/contact\/\" \/>\n<meta property=\"og:site_name\" content=\"OptiValue\" \/>\n<meta property=\"article:modified_time\" content=\"2023-02-20T19:33:40+00:00\" \/>\n<meta name=\"twitter:card\" content=\"summary_large_image\" \/>\n<script type=\"application\/ld+json\" class=\"yoast-schema-graph\">{\"@context\":\"https:\/\/schema.org\",\"@graph\":[{\"@type\":\"WebPage\",\"@id\":\"https:\/\/opti-value.com\/contact\/\",\"url\":\"https:\/\/opti-value.com\/contact\/\",\"name\":\"Kontakt - OptiValue\",\"isPartOf\":{\"@id\":\"https:\/\/opti-value.com\/#website\"},\"datePublished\":\"2021-05-16T19:19:45+00:00\",\"dateModified\":\"2023-02-20T19:33:40+00:00\",\"description\":\"Imate pitanje o na\u0161im proizvodima ili \u017eelite postati na\u0161 partner, slobodno nas kontaktirajte putem forme ili emaila.\",\"breadcrumb\":{\"@id\":\"https:\/\/opti-value.com\/contact\/#breadcrumb\"},\"inLanguage\":\"hr\",\"potentialAction\":[{\"@type\":\"ReadAction\",\"target\":[\"https:\/\/opti-value.com\/contact\/\"]}]},{\"@type\":\"BreadcrumbList\",\"@id\":\"https:\/\/opti-value.com\/contact\/#breadcrumb\",\"itemListElement\":[{\"@type\":\"ListItem\",\"position\":1,\"name\":\"Home\",\"item\":\"https:\/\/opti-value.com\/hr\/\"},{\"@type\":\"ListItem\",\"position\":2,\"name\":\"Kontakt\"}]},{\"@type\":\"WebSite\",\"@id\":\"https:\/\/opti-value.com\/#website\",\"url\":\"https:\/\/opti-value.com\/\",\"name\":\"OptiValue\",\"description\":\"\",\"publisher\":{\"@id\":\"https:\/\/opti-value.com\/#organization\"},\"potentialAction\":[{\"@type\":\"SearchAction\",\"target\":{\"@type\":\"EntryPoint\",\"urlTemplate\":\"https:\/\/opti-value.com\/?s={search_term_string}\"},\"query-input\":\"required name=search_term_string\"}],\"inLanguage\":\"hr\"},{\"@type\":\"Organization\",\"@id\":\"https:\/\/opti-value.com\/#organization\",\"name\":\"Opti Value\",\"url\":\"https:\/\/opti-value.com\/\",\"logo\":{\"@type\":\"ImageObject\",\"inLanguage\":\"hr\",\"@id\":\"https:\/\/opti-value.com\/#\/schema\/logo\/image\/\",\"url\":\"https:\/\/opti-value.com\/wp-content\/uploads\/2021\/02\/OPTIvalue-logo-horizontalni.png\",\"contentUrl\":\"https:\/\/opti-value.com\/wp-content\/uploads\/2021\/02\/OPTIvalue-logo-horizontalni.png\",\"width\":723,\"height\":234,\"caption\":\"Opti Value\"},\"image\":{\"@id\":\"https:\/\/opti-value.com\/#\/schema\/logo\/image\/\"}}]}<\/script>\n<!-- \/ Yoast SEO plugin. -->","yoast_head_json":{"title":"Kontakt - OptiValue","description":"Imate pitanje o na\u0161im proizvodima ili \u017eelite postati na\u0161 partner, slobodno nas kontaktirajte putem forme ili emaila.","robots":{"index":"index","follow":"follow","max-snippet":"max-snippet:-1","max-image-preview":"max-image-preview:large","max-video-preview":"max-video-preview:-1"},"canonical":"https:\/\/opti-value.com\/contact\/","og_locale":"hr_HR","og_type":"article","og_title":"Kontakt - OptiValue","og_description":"Imate pitanje o na\u0161im proizvodima ili \u017eelite postati na\u0161 partner, slobodno nas kontaktirajte putem forme ili emaila.","og_url":"https:\/\/opti-value.com\/contact\/","og_site_name":"OptiValue","article_modified_time":"2023-02-20T19:33:40+00:00","twitter_card":"summary_large_image","schema":{"@context":"https:\/\/schema.org","@graph":[{"@type":"WebPage","@id":"https:\/\/opti-value.com\/contact\/","url":"https:\/\/opti-value.com\/contact\/","name":"Kontakt - OptiValue","isPartOf":{"@id":"https:\/\/opti-value.com\/#website"},"datePublished":"2021-05-16T19:19:45+00:00","dateModified":"2023-02-20T19:33:40+00:00","description":"Imate pitanje o na\u0161im proizvodima ili \u017eelite postati na\u0161 partner, slobodno nas kontaktirajte putem forme ili emaila.","breadcrumb":{"@id":"https:\/\/opti-value.com\/contact\/#breadcrumb"},"inLanguage":"hr","potentialAction":[{"@type":"ReadAction","target":["https:\/\/opti-value.com\/contact\/"]}]},{"@type":"BreadcrumbList","@id":"https:\/\/opti-value.com\/contact\/#breadcrumb","itemListElement":[{"@type":"ListItem","position":1,"name":"Home","item":"https:\/\/opti-value.com\/hr\/"},{"@type":"ListItem","position":2,"name":"Kontakt"}]},{"@type":"WebSite","@id":"https:\/\/opti-value.com\/#website","url":"https:\/\/opti-value.com\/","name":"OptiValue","description":"","publisher":{"@id":"https:\/\/opti-value.com\/#organization"},"potentialAction":[{"@type":"SearchAction","target":{"@type":"EntryPoint","urlTemplate":"https:\/\/opti-value.com\/?s={search_term_string}"},"query-input":"required name=search_term_string"}],"inLanguage":"hr"},{"@type":"Organization","@id":"https:\/\/opti-value.com\/#organization","name":"Opti Value","url":"https:\/\/opti-value.com\/","logo":{"@type":"ImageObject","inLanguage":"hr","@id":"https:\/\/opti-value.com\/#\/schema\/logo\/image\/","url":"https:\/\/opti-value.com\/wp-content\/uploads\/2021\/02\/OPTIvalue-logo-horizontalni.png","contentUrl":"https:\/\/opti-value.com\/wp-content\/uploads\/2021\/02\/OPTIvalue-logo-horizontalni.png","width":723,"height":234,"caption":"Opti Value"},"image":{"@id":"https:\/\/opti-value.com\/#\/schema\/logo\/image\/"}}]}},"_links":{"self":[{"href":"https:\/\/opti-value.com\/hr\/wp-json\/wp\/v2\/pages\/496","targetHints":{"allow":["GET"]}}],"collection":[{"href":"https:\/\/opti-value.com\/hr\/wp-json\/wp\/v2\/pages"}],"about":[{"href":"https:\/\/opti-value.com\/hr\/wp-json\/wp\/v2\/types\/page"}],"author":[{"embeddable":true,"href":"https:\/\/opti-value.com\/hr\/wp-json\/wp\/v2\/users\/1"}],"replies":[{"embeddable":true,"href":"https:\/\/opti-value.com\/hr\/wp-json\/wp\/v2\/comments?post=496"}],"version-history":[{"count":3,"href":"https:\/\/opti-value.com\/hr\/wp-json\/wp\/v2\/pages\/496\/revisions"}],"predecessor-version":[{"id":877,"href":"https:\/\/opti-value.com\/hr\/wp-json\/wp\/v2\/pages\/496\/revisions\/877"}],"wp:attachment":[{"href":"https:\/\/opti-value.com\/hr\/wp-json\/wp\/v2\/media?parent=496"}],"curies":[{"name":"wp","href":"https:\/\/api.w.org\/{rel}","templated":true}]}}